{"id":1267,"date":"2018-08-25T00:02:11","date_gmt":"2018-08-24T21:02:11","guid":{"rendered":"http:\/\/dorliontasimacilik.com\/test\/?page_id=1267"},"modified":"2018-08-25T00:04:56","modified_gmt":"2018-08-24T21:04:56","slug":"dinamik-tasimacilik2","status":"publish","type":"page","link":"https:\/\/www.dorliontasimacilik.com\/index.php\/dinamik-tasimacilik2\/","title":{"rendered":"Dinamik Ta\u015f\u0131mac\u0131l\u0131k"},"content":{"rendered":"<p>Paketleme, asans\u00f6r, sigorta&#8230; T\u00fcm opsiyonlar\u0131 siz belirleyin. Biz size uyar\u0131z.<\/p>\n","protected":false},"excerpt":{"rendered":"<p>Paketleme, asans\u00f6r, sigorta&#8230; T\u00fcm opsiyonlar\u0131 siz belirleyin. Biz size uyar\u0131z.<\/p>\n","protected":false},"author":1,"featured_media":0,"parent":0,"menu_order":0,"comment_status":"closed","ping_status":"closed","template":"","meta":{"_monsterinsights_skip_tracking":false,"_monsterinsights_sitenote_active":false,"_monsterinsights_sitenote_note":"","_monsterinsights_sitenote_category":0,"_uf_show_specific_survey":0,"_uf_disable_surveys":false,"footnotes":""},"class_list":["post-1267","page","type-page","status-publish","hentry"],"aioseo_notices":[],"_links":{"self":[{"href":"https:\/\/www.dorliontasimacilik.com\/index.php\/wp-json\/wp\/v2\/pages\/1267","targetHints":{"allow":["GET"]}}],"collection":[{"href":"https:\/\/www.dorliontasimacilik.com\/index.php\/wp-json\/wp\/v2\/pages"}],"about":[{"href":"https:\/\/www.dorliontasimacilik.com\/index.php\/wp-json\/wp\/v2\/types\/page"}],"author":[{"embeddable":true,"href":"https:\/\/www.dorliontasimacilik.com\/index.php\/wp-json\/wp\/v2\/users\/1"}],"replies":[{"embeddable":true,"href":"https:\/\/www.dorliontasimacilik.com\/index.php\/wp-json\/wp\/v2\/comments?post=1267"}],"version-history":[{"count":2,"href":"https:\/\/www.dorliontasimacilik.com\/index.php\/wp-json\/wp\/v2\/pages\/1267\/revisions"}],"predecessor-version":[{"id":1278,"href":"https:\/\/www.dorliontasimacilik.com\/index.php\/wp-json\/wp\/v2\/pages\/1267\/revisions\/1278"}],"wp:attachment":[{"href":"https:\/\/www.dorliontasimacilik.com\/index.php\/wp-json\/wp\/v2\/media?parent=1267"}],"curies":[{"name":"wp","href":"https:\/\/api.w.org\/{rel}","templated":true}]}}